{"id":861,"date":"2024-04-10T07:03:05","date_gmt":"2024-04-10T07:03:05","guid":{"rendered":"https:\/\/www.cownected.com\/?page_id=861"},"modified":"2024-08-13T11:44:52","modified_gmt":"2024-08-13T11:44:52","slug":"privacy-policy","status":"publish","type":"page","link":"https:\/\/www.cownected.com\/fr\/privacy-policy\/","title":{"rendered":"politique de confidentialit\u00e9"},"content":{"rendered":"<div class=\"wp-block-group pages-hero-wrapper position-relative has-global-padding is-layout-constrained wp-block-group-is-layout-constrained\">\n<div class=\"wp-block-columns are-vertically-aligned-bottom pages-hero is-layout-flex wp-container-core-columns-is-layout-645632e8 wp-block-columns-is-layout-flex\" style=\"border-bottom-color:var(--wp--preset--color--main);border-bottom-style:solid;border-bottom-width:3px;margin-top:0;margin-bottom:var(--wp--preset--spacing--large);padding-top:var(--wp--preset--spacing--medium);padding-bottom:var(--wp--preset--spacing--medium)\">\n<div class=\"wp-block-column is-vertically-aligned-bottom is-layout-flow wp-block-column-is-layout-flow\">\n<h2 class=\"wp-block-heading has-small-font-size\" style=\"margin-top:0;margin-right:0;margin-bottom:var(--wp--preset--spacing--medium);margin-left:0;padding-top:0;padding-right:0;padding-bottom:0;padding-left:0;font-style:normal;font-weight:900\"><mark style=\"background-color:rgba(0, 0, 0, 0)\" class=\"has-inline-color has-primary-color\">&lt;<\/mark> politique de confidentialit\u00e9 <mark style=\"background-color:rgba(0, 0, 0, 0)\" class=\"has-inline-color has-primary-color\">\/&gt;<\/mark><\/h2>\n\n\n\n<p class=\"max-width-70-perc has-medium-font-size\" style=\"padding-bottom:0.25em;font-style:normal;font-weight:900;line-height:1.2\">Promenez-vous dans notre prairie num\u00e9rique pour clarifier la question de la protection de la vie priv\u00e9e.<\/p>\n<\/div>\n\n\n\n<div class=\"wp-block-column is-vertically-aligned-bottom is-layout-flow wp-block-column-is-layout-flow\">\n<h1 class=\"wp-block-heading has-text-align-right has-xxx-large-font-size\" style=\"font-style:normal;font-weight:900;line-height:1\">Parcourez notre p\u00e2turage priv\u00e9<\/h1>\n<\/div>\n<\/div>\n\n\n\n<div class=\"wp-block-group cow-spot-wrapper has-global-padding is-layout-constrained wp-block-group-is-layout-constrained\">\n<figure class=\"wp-block-image size-large cow-spot spot01\"><img decoding=\"async\" src=\"https:\/\/www.cownected.com\/wp-content\/uploads\/2024\/04\/cow-spot-1.svg\" alt=\"\" class=\"wp-image-604\"\/><\/figure>\n\n\n\n<figure class=\"wp-block-image size-large cow-spot spot02\"><img decoding=\"async\" src=\"https:\/\/www.cownected.com\/wp-content\/uploads\/2024\/04\/cow-spot-2.svg\" alt=\"\" class=\"wp-image-605\"\/><\/figure>\n\n\n\n<figure class=\"wp-block-image size-large cow-spot spot03\"><img decoding=\"async\" src=\"https:\/\/www.cownected.com\/wp-content\/uploads\/2024\/04\/cow-spot-3.svg\" alt=\"\" class=\"wp-image-606\"\/><\/figure>\n\n\n\n<figure class=\"wp-block-image size-large cow-spot spot04\"><img decoding=\"async\" src=\"https:\/\/www.cownected.com\/wp-content\/uploads\/2024\/04\/cow-spot-4.svg\" alt=\"\" class=\"wp-image-607\"\/><\/figure>\n<\/div>\n<\/div>\n\n\n\n<div class=\"wp-block-group alignfull cookies-page-content position-relative has-global-padding is-layout-constrained wp-block-group-is-layout-constrained\" style=\"margin-top:var(--wp--preset--spacing--x-large)\">\n<div class=\"wp-block-columns is-layout-flex wp-container-core-columns-is-layout-22eafc92 wp-block-columns-is-layout-flex\" style=\"margin-bottom:var(--wp--preset--spacing--xx-large)\">\n<div class=\"wp-block-column is-vertically-aligned-top is-layout-flow wp-container-core-column-is-layout-1687fb2a wp-block-column-is-layout-flow\" style=\"flex-basis:50%\">\n<div class=\"wp-block-columns is-layout-flex wp-container-core-columns-is-layout-28f84493 wp-block-columns-is-layout-flex\">\n<div class=\"wp-block-column is-layout-flow wp-block-column-is-layout-flow\" style=\"flex-basis:45%\">\n<h2 class=\"wp-block-heading has-medium-font-size\" style=\"font-style:normal;font-weight:700\">Qui sommes-nous?<\/h2>\n<\/div>\n\n\n\n<div class=\"wp-block-column is-layout-flow wp-block-column-is-layout-flow\" style=\"flex-basis:55%\">\n<p class=\"has-main-color has-text-color has-link-color has-small-font-size wp-elements-329c46f576bf601b66817eab2931bf2d\">L'adresse de notre site web est <a href=\"http:\/\/www.cownected.com\/fr\/\">www.cownected.com<\/a><\/p>\n<\/div>\n<\/div>\n<\/div>\n\n\n\n<div class=\"wp-block-column is-vertically-aligned-top is-layout-flow wp-block-column-is-layout-flow\" style=\"flex-basis:50%\">\n<figure class=\"wp-block-image alignright size-full is-resized logo\"><img decoding=\"async\" src=\"https:\/\/www.cownected.com\/wp-content\/uploads\/2024\/03\/logo-cownected.svg\" alt=\"Cownected\" class=\"wp-image-17\" style=\"width:536px;height:auto\"\/><\/figure>\n<\/div>\n<\/div>\n\n\n\n<div class=\"wp-block-group alignfull has-global-padding is-layout-constrained wp-container-core-group-is-layout-01b692b0 wp-block-group-is-layout-constrained\" style=\"margin-bottom:var(--wp--preset--spacing--xxx-large);padding-right:var(--wp--preset--spacing--xx-large);padding-left:var(--wp--preset--spacing--xx-large)\">\n<div class=\"wp-block-columns is-layout-flex wp-container-core-columns-is-layout-dfda4460 wp-block-columns-is-layout-flex\" style=\"margin-bottom:var(--wp--preset--spacing--x-large)\">\n<div class=\"wp-block-column is-layout-flow wp-block-column-is-layout-flow\" style=\"flex-basis:30%\">\n<h2 class=\"wp-block-heading has-medium-font-size\" style=\"margin-bottom:var(--wp--preset--spacing--medium);font-style:normal;font-weight:700\">Commentaires<\/h2>\n<\/div>\n\n\n\n<div class=\"wp-block-column is-layout-flow wp-block-column-is-layout-flow\" style=\"flex-basis:70%\">\n<p class=\"has-main-color has-text-color has-link-color has-small-font-size wp-elements-f749a9c3517baadbbbeb80f5f00c2ced\" style=\"margin-top:0;margin-right:0;margin-bottom:var(--wp--preset--spacing--small);margin-left:0;padding-top:0;padding-right:0;padding-bottom:0;padding-left:0\">Lorsque les visiteurs laissent des commentaires sur le site, nous recueillons les donn\u00e9es figurant dans le formulaire de commentaires, ainsi que l'adresse IP du visiteur et la cha\u00eene de l'agent utilisateur du navigateur, afin de faciliter la d\u00e9tection des spams.<\/p>\n\n\n\n<p class=\"has-main-color has-text-color has-link-color has-small-font-size wp-elements-b26c2410846a5abb488b586af2648165\" style=\"margin-top:0;margin-right:0;margin-bottom:var(--wp--preset--spacing--small);margin-left:0;padding-top:0;padding-right:0;padding-bottom:0;padding-left:0\">Une cha\u00eene anonyme cr\u00e9\u00e9e \u00e0 partir de votre adresse \u00e9lectronique (\u00e9galement appel\u00e9e \"hash\") peut \u00eatre fournie au service Gravatar pour v\u00e9rifier si vous l'utilisez. Apr\u00e8s approbation de votre commentaire, votre photo de profil est visible par le public dans le contexte de votre commentaire. Vous pouvez consulter la politique de confidentialit\u00e9 du service Gravatar <a href=\"https:\/\/automattic.com\/privacy\/\">ici<\/a>.<\/p>\n<\/div>\n<\/div>\n\n\n\n<div class=\"wp-block-columns is-layout-flex wp-container-core-columns-is-layout-052dc7ac wp-block-columns-is-layout-flex\" style=\"margin-bottom:var(--wp--preset--spacing--xx-large)\">\n<div class=\"wp-block-column is-vertically-aligned-bottom is-layout-flow wp-block-column-is-layout-flow\">\n<figure class=\"wp-block-image size-large\"><img loading=\"lazy\" decoding=\"async\" width=\"1024\" height=\"578\" src=\"https:\/\/www.cownected.com\/wp-content\/uploads\/2024\/03\/cownected_services-1024x578.jpg\" alt=\"Stroll Through Our Digital Meadow\" class=\"wp-image-149\" srcset=\"https:\/\/www.cownected.com\/wp-content\/uploads\/2024\/03\/cownected_services-1024x578.jpg 1024w, https:\/\/www.cownected.com\/wp-content\/uploads\/2024\/03\/cownected_services-300x169.jpg 300w, https:\/\/www.cownected.com\/wp-content\/uploads\/2024\/03\/cownected_services-768x434.jpg 768w, https:\/\/www.cownected.com\/wp-content\/uploads\/2024\/03\/cownected_services-1536x867.jpg 1536w, https:\/\/www.cownected.com\/wp-content\/uploads\/2024\/03\/cownected_services.jpg 2040w\" sizes=\"auto, (max-width: 1024px) 100vw, 1024px\" \/><\/figure>\n<\/div>\n\n\n\n<div class=\"wp-block-column is-layout-flow wp-block-column-is-layout-flow\">\n<h2 class=\"wp-block-heading has-medium-font-size\" style=\"margin-bottom:var(--wp--preset--spacing--large);font-style:normal;font-weight:700\">Media<\/h2>\n\n\n\n<p class=\"has-main-color has-text-color has-link-color has-small-font-size wp-elements-3596c4478170a98f1746a9653bd1e440\" style=\"margin-top:0;margin-right:0;margin-bottom:0;margin-left:0;padding-top:0;padding-right:0;padding-bottom:0;padding-left:0\">Si vous t\u00e9l\u00e9chargez des images sur le site web, \u00e9vitez de le faire avec des donn\u00e9es de localisation int\u00e9gr\u00e9es (EXIF GPS). Les visiteurs du site web peuvent t\u00e9l\u00e9charger et extraire toutes les donn\u00e9es de localisation des images sur le site web.<\/p>\n<\/div>\n<\/div>\n\n\n\n<div class=\"wp-block-group has-global-padding is-layout-constrained wp-block-group-is-layout-constrained\" style=\"margin-bottom:var(--wp--preset--spacing--xx-large)\">\n<h2 class=\"wp-block-heading has-medium-font-size\" style=\"margin-bottom:var(--wp--preset--spacing--large);font-style:normal;font-weight:700\">Cookies<\/h2>\n\n\n\n<p class=\"has-main-color has-text-color has-link-color has-small-font-size wp-elements-c4806a58f9f151ed1622971dad890605\" style=\"margin-top:0;margin-right:0;margin-bottom:var(--wp--preset--spacing--small);margin-left:0;padding-top:0;padding-right:0;padding-bottom:0;padding-left:0\">Promenez-vous dans notre prairie num\u00e9rique pour clarifier la question de la protection de la vie priv\u00e9e.<\/p>\n\n\n\n<p class=\"has-main-color has-text-color has-link-color has-small-font-size wp-elements-2b0bd55bda2734053adc67ea759f5135\" style=\"margin-top:0;margin-right:0;margin-bottom:var(--wp--preset--spacing--small);margin-left:0;padding-top:0;padding-right:0;padding-bottom:0;padding-left:0\">Si vous laissez un commentaire sur notre site, vous pouvez accepter que votre nom, votre adresse \u00e9lectronique et votre site web soient enregistr\u00e9s dans des cookies. Ces cookies sont destin\u00e9s \u00e0 vous faciliter la t\u00e2che, de sorte que vous n'aurez pas \u00e0 remplir \u00e0 nouveau vos coordonn\u00e9es lorsque vous laisserez un autre commentaire. Ces cookies ont une dur\u00e9e de vie d'un an.<\/p>\n\n\n\n<p class=\"has-main-color has-text-color has-link-color has-small-font-size wp-elements-dde3de5bb1a1859603a25071443ed575\" style=\"margin-top:0;margin-right:0;margin-bottom:var(--wp--preset--spacing--small);margin-left:0;padding-top:0;padding-right:0;padding-bottom:0;padding-left:0\">Si vous visitez notre page de connexion, nous installerons un cookie temporaire pour d\u00e9terminer si votre navigateur accepte les cookies. Ce cookie ne contient aucune donn\u00e9e personnelle et est supprim\u00e9 lorsque vous fermez votre navigateur.<\/p>\n\n\n\n<p class=\"has-main-color has-text-color has-link-color has-small-font-size wp-elements-1f65999697d01e7824bcd1b74db8837d\" style=\"margin-top:0;margin-right:0;margin-bottom:var(--wp--preset--spacing--small);margin-left:0;padding-top:0;padding-right:0;padding-bottom:0;padding-left:0\">Lorsque vous vous connectez, nous installons \u00e9galement plusieurs cookies pour enregistrer vos informations de connexion et vos choix d'affichage \u00e0 l'\u00e9cran. Les cookies de connexion ont une dur\u00e9e de vie de deux jours et les cookies d'options d'\u00e9cran ont une dur\u00e9e de vie d'un an. Si vous s\u00e9lectionnez l'option \"Se souvenir de moi\", votre connexion sera conserv\u00e9e pendant deux semaines. Si vous vous d\u00e9connectez de votre compte, les cookies de connexion seront supprim\u00e9s.<\/p>\n<\/div>\n<\/div>\n\n\n\n<div class=\"wp-block-columns is-layout-flex wp-container-core-columns-is-layout-28f84493 wp-block-columns-is-layout-flex\">\n<div class=\"wp-block-column is-layout-flow wp-block-column-is-layout-flow\">\n<h2 class=\"wp-block-heading has-medium-font-size\" style=\"margin-bottom:var(--wp--preset--spacing--large);font-style:normal;font-weight:700\">Contactez nous<\/h2>\n\n\n\n<p class=\"has-main-color has-text-color has-link-color has-small-font-size wp-elements-1ad5b5d6775d29853b4a894bec2c2b61\" style=\"margin-top:0;margin-right:0;margin-bottom:0;margin-left:0;padding-top:0;padding-right:0;padding-bottom:0;padding-left:0\">Si vous avez des questions sur notre utilisation des cookies ou sur la pr\u00e9sente politique en mati\u00e8re de cookies, n'h\u00e9sitez pas \u00e0 nous contacter. Nous sommes l\u00e0 pour vous aider et faire en sorte que votre exp\u00e9rience en ligne avec nous soit satisfaisante.<\/p>\n<\/div>\n\n\n\n<div class=\"wp-block-column is-vertically-aligned-bottom is-layout-flow wp-block-column-is-layout-flow\">\n<div class=\"wp-block-buttons is-vertical is-content-justification-right is-layout-flex wp-container-core-buttons-is-layout-a18aa0d7 wp-block-buttons-is-layout-flex\">\n<div class=\"wp-block-button is-style-outline witdh-155-px is-style-outline--1\"><a class=\"wp-block-button__link has-text-align-center wp-element-button\" href=\"https:\/\/www.instagram.com\/cownected\/\">Suivez-nous &gt;<\/a><\/div>\n\n\n\n<div class=\"wp-block-button is-style-fill witdh-155-px\"><a class=\"wp-block-button__link has-text-align-center wp-element-button\" href=\"https:\/\/www.cownected.com\/fr\/contact\/\">Contactez-nous &gt;<\/a><\/div>\n<\/div>\n<\/div>\n<\/div>\n\n\n\n<div class=\"wp-block-group cow-spot-wrapper has-global-padding is-layout-constrained wp-block-group-is-layout-constrained\">\n<figure class=\"wp-block-image size-large cow-spot spot02\"><img decoding=\"async\" src=\"https:\/\/www.cownected.com\/wp-content\/uploads\/2024\/04\/cow-spot-2.svg\" alt=\"\" class=\"wp-image-605\"\/><\/figure>\n\n\n\n<figure class=\"wp-block-image size-large cow-spot spot04\"><img decoding=\"async\" src=\"https:\/\/www.cownected.com\/wp-content\/uploads\/2024\/04\/cow-spot-4.svg\" alt=\"\" class=\"wp-image-607\"\/><\/figure>\n<\/div>\n<\/div>","protected":false},"excerpt":{"rendered":"<p>&lt; Privacy Policy \/&gt; Stroll Through Our Digital Meadow for Privacy Clarity. Roam Through Our Privacy Pasture Who We Are? Our website address is www.cownected.com Comments When visitors leave comments on the site, we collect the data shown in the comments form, along with the visitor\u2019s IP address and browser user agent string, to help [&hellip;]<\/p>\n","protected":false},"author":1,"featured_media":0,"parent":0,"menu_order":0,"comment_status":"closed","ping_status":"closed","template":"","meta":{"inline_featured_image":false,"_uag_custom_page_level_css":"","wpupg_custom_link":[],"wpupg_custom_link_behaviour":[],"wpupg_custom_link_nofollow":[],"wpupg_custom_image":[],"wpupg_custom_image_id":[],"footnotes":""},"class_list":["post-861","page","type-page","status-publish","hentry"],"mb":[],"yoast_head":"<!-- This site is optimized with the Yoast SEO plugin v27.4 - https:\/\/yoast.com\/product\/yoast-seo-wordpress\/ -->\n<title>Stroll Through Our Digital Meadow - Cownected - Privacy Policy<\/title>\n<meta name=\"description\" content=\"Stroll Through Our Digital Meadow for Privacy Clarity. If you have any questions, please don&#039;t hesitate to contact us.\" \/>\n<meta name=\"robots\" content=\"index, follow, max-snippet:-1, max-image-preview:large, max-video-preview:-1\" \/>\n<link rel=\"canonical\" href=\"https:\/\/www.cownected.com\/fr\/privacy-policy\/\" \/>\n<meta property=\"og:locale\" content=\"fr_FR\" \/>\n<meta property=\"og:type\" content=\"article\" \/>\n<meta property=\"og:title\" content=\"Stroll Through Our Digital Meadow - Cownected - Privacy Policy\" \/>\n<meta property=\"og:description\" content=\"Stroll Through Our Digital Meadow for Privacy Clarity. If you have any questions, please don&#039;t hesitate to contact us.\" \/>\n<meta property=\"og:url\" content=\"https:\/\/www.cownected.com\/fr\/privacy-policy\/\" \/>\n<meta property=\"og:site_name\" content=\"Cownected\" \/>\n<meta property=\"article:publisher\" content=\"https:\/\/www.facebook.com\/cownected\" \/>\n<meta property=\"article:modified_time\" content=\"2024-08-13T11:44:52+00:00\" \/>\n<meta property=\"og:image\" content=\"https:\/\/www.cownected.com\/wp-content\/uploads\/2024\/04\/cow-spot-1.svg\" \/>\n<meta name=\"twitter:card\" content=\"summary_large_image\" \/>\n<meta name=\"twitter:label1\" content=\"Dur\u00e9e de lecture estim\u00e9e\" \/>\n\t<meta name=\"twitter:data1\" content=\"4 minutes\" \/>\n<script type=\"application\/ld+json\" class=\"yoast-schema-graph\">{\"@context\":\"https:\\\/\\\/schema.org\",\"@graph\":[{\"@type\":\"WebPage\",\"@id\":\"https:\\\/\\\/www.cownected.com\\\/privacy-policy\\\/\",\"url\":\"https:\\\/\\\/www.cownected.com\\\/privacy-policy\\\/\",\"name\":\"Stroll Through Our Digital Meadow - Cownected - Privacy Policy\",\"isPartOf\":{\"@id\":\"https:\\\/\\\/www.cownected.com\\\/fr\\\/#website\"},\"primaryImageOfPage\":{\"@id\":\"https:\\\/\\\/www.cownected.com\\\/privacy-policy\\\/#primaryimage\"},\"image\":{\"@id\":\"https:\\\/\\\/www.cownected.com\\\/privacy-policy\\\/#primaryimage\"},\"thumbnailUrl\":\"https:\\\/\\\/www.cownected.com\\\/wp-content\\\/uploads\\\/2024\\\/04\\\/cow-spot-1.svg\",\"datePublished\":\"2024-04-10T07:03:05+00:00\",\"dateModified\":\"2024-08-13T11:44:52+00:00\",\"description\":\"Stroll Through Our Digital Meadow for Privacy Clarity. If you have any questions, please don't hesitate to contact us.\",\"breadcrumb\":{\"@id\":\"https:\\\/\\\/www.cownected.com\\\/privacy-policy\\\/#breadcrumb\"},\"inLanguage\":\"fr-FR\",\"potentialAction\":[{\"@type\":\"ReadAction\",\"target\":[\"https:\\\/\\\/www.cownected.com\\\/privacy-policy\\\/\"]}]},{\"@type\":\"ImageObject\",\"inLanguage\":\"fr-FR\",\"@id\":\"https:\\\/\\\/www.cownected.com\\\/privacy-policy\\\/#primaryimage\",\"url\":\"https:\\\/\\\/www.cownected.com\\\/wp-content\\\/uploads\\\/2024\\\/04\\\/cow-spot-1.svg\",\"contentUrl\":\"https:\\\/\\\/www.cownected.com\\\/wp-content\\\/uploads\\\/2024\\\/04\\\/cow-spot-1.svg\"},{\"@type\":\"BreadcrumbList\",\"@id\":\"https:\\\/\\\/www.cownected.com\\\/privacy-policy\\\/#breadcrumb\",\"itemListElement\":[{\"@type\":\"ListItem\",\"position\":1,\"name\":\"Home\",\"item\":\"https:\\\/\\\/www.cownected.com\\\/\"},{\"@type\":\"ListItem\",\"position\":2,\"name\":\"Privacy Policy\"}]},{\"@type\":\"WebSite\",\"@id\":\"https:\\\/\\\/www.cownected.com\\\/fr\\\/#website\",\"url\":\"https:\\\/\\\/www.cownected.com\\\/fr\\\/\",\"name\":\"Cownected\",\"description\":\"Moo-ve Business Forward.\",\"publisher\":{\"@id\":\"https:\\\/\\\/www.cownected.com\\\/fr\\\/#organization\"},\"potentialAction\":[{\"@type\":\"SearchAction\",\"target\":{\"@type\":\"EntryPoint\",\"urlTemplate\":\"https:\\\/\\\/www.cownected.com\\\/fr\\\/?s={search_term_string}\"},\"query-input\":{\"@type\":\"PropertyValueSpecification\",\"valueRequired\":true,\"valueName\":\"search_term_string\"}}],\"inLanguage\":\"fr-FR\"},{\"@type\":\"Organization\",\"@id\":\"https:\\\/\\\/www.cownected.com\\\/fr\\\/#organization\",\"name\":\"Cownected SRL\",\"url\":\"https:\\\/\\\/www.cownected.com\\\/fr\\\/\",\"logo\":{\"@type\":\"ImageObject\",\"inLanguage\":\"fr-FR\",\"@id\":\"https:\\\/\\\/www.cownected.com\\\/fr\\\/#\\\/schema\\\/logo\\\/image\\\/\",\"url\":\"https:\\\/\\\/www.cownected.com\\\/wp-content\\\/uploads\\\/2024\\\/03\\\/logo-cownected.svg\",\"contentUrl\":\"https:\\\/\\\/www.cownected.com\\\/wp-content\\\/uploads\\\/2024\\\/03\\\/logo-cownected.svg\",\"caption\":\"Cownected SRL\"},\"image\":{\"@id\":\"https:\\\/\\\/www.cownected.com\\\/fr\\\/#\\\/schema\\\/logo\\\/image\\\/\"},\"sameAs\":[\"https:\\\/\\\/www.facebook.com\\\/cownected\",\"https:\\\/\\\/be.linkedin.com\\\/company\\\/cownected\"]}]}<\/script>\n<!-- \/ Yoast SEO plugin. -->","yoast_head_json":{"title":"Stroll Through Our Digital Meadow - Cownected - Privacy Policy","description":"Stroll Through Our Digital Meadow for Privacy Clarity. If you have any questions, please don't hesitate to contact us.","robots":{"index":"index","follow":"follow","max-snippet":"max-snippet:-1","max-image-preview":"max-image-preview:large","max-video-preview":"max-video-preview:-1"},"canonical":"https:\/\/www.cownected.com\/fr\/privacy-policy\/","og_locale":"fr_FR","og_type":"article","og_title":"Stroll Through Our Digital Meadow - Cownected - Privacy Policy","og_description":"Stroll Through Our Digital Meadow for Privacy Clarity. If you have any questions, please don't hesitate to contact us.","og_url":"https:\/\/www.cownected.com\/fr\/privacy-policy\/","og_site_name":"Cownected","article_publisher":"https:\/\/www.facebook.com\/cownected","article_modified_time":"2024-08-13T11:44:52+00:00","og_image":[{"url":"https:\/\/www.cownected.com\/wp-content\/uploads\/2024\/04\/cow-spot-1.svg","type":"","width":"","height":""}],"twitter_card":"summary_large_image","twitter_misc":{"Dur\u00e9e de lecture estim\u00e9e":"4 minutes"},"schema":{"@context":"https:\/\/schema.org","@graph":[{"@type":"WebPage","@id":"https:\/\/www.cownected.com\/privacy-policy\/","url":"https:\/\/www.cownected.com\/privacy-policy\/","name":"Stroll Through Our Digital Meadow - Cownected - Privacy Policy","isPartOf":{"@id":"https:\/\/www.cownected.com\/fr\/#website"},"primaryImageOfPage":{"@id":"https:\/\/www.cownected.com\/privacy-policy\/#primaryimage"},"image":{"@id":"https:\/\/www.cownected.com\/privacy-policy\/#primaryimage"},"thumbnailUrl":"https:\/\/www.cownected.com\/wp-content\/uploads\/2024\/04\/cow-spot-1.svg","datePublished":"2024-04-10T07:03:05+00:00","dateModified":"2024-08-13T11:44:52+00:00","description":"Stroll Through Our Digital Meadow for Privacy Clarity. If you have any questions, please don't hesitate to contact us.","breadcrumb":{"@id":"https:\/\/www.cownected.com\/privacy-policy\/#breadcrumb"},"inLanguage":"fr-FR","potentialAction":[{"@type":"ReadAction","target":["https:\/\/www.cownected.com\/privacy-policy\/"]}]},{"@type":"ImageObject","inLanguage":"fr-FR","@id":"https:\/\/www.cownected.com\/privacy-policy\/#primaryimage","url":"https:\/\/www.cownected.com\/wp-content\/uploads\/2024\/04\/cow-spot-1.svg","contentUrl":"https:\/\/www.cownected.com\/wp-content\/uploads\/2024\/04\/cow-spot-1.svg"},{"@type":"BreadcrumbList","@id":"https:\/\/www.cownected.com\/privacy-policy\/#breadcrumb","itemListElement":[{"@type":"ListItem","position":1,"name":"Home","item":"https:\/\/www.cownected.com\/"},{"@type":"ListItem","position":2,"name":"Privacy Policy"}]},{"@type":"WebSite","@id":"https:\/\/www.cownected.com\/fr\/#website","url":"https:\/\/www.cownected.com\/fr\/","name":"Cownected","description":"Moo-ve Business Forward.","publisher":{"@id":"https:\/\/www.cownected.com\/fr\/#organization"},"potentialAction":[{"@type":"SearchAction","target":{"@type":"EntryPoint","urlTemplate":"https:\/\/www.cownected.com\/fr\/?s={search_term_string}"},"query-input":{"@type":"PropertyValueSpecification","valueRequired":true,"valueName":"search_term_string"}}],"inLanguage":"fr-FR"},{"@type":"Organization","@id":"https:\/\/www.cownected.com\/fr\/#organization","name":"Cownected SRL","url":"https:\/\/www.cownected.com\/fr\/","logo":{"@type":"ImageObject","inLanguage":"fr-FR","@id":"https:\/\/www.cownected.com\/fr\/#\/schema\/logo\/image\/","url":"https:\/\/www.cownected.com\/wp-content\/uploads\/2024\/03\/logo-cownected.svg","contentUrl":"https:\/\/www.cownected.com\/wp-content\/uploads\/2024\/03\/logo-cownected.svg","caption":"Cownected SRL"},"image":{"@id":"https:\/\/www.cownected.com\/fr\/#\/schema\/logo\/image\/"},"sameAs":["https:\/\/www.facebook.com\/cownected","https:\/\/be.linkedin.com\/company\/cownected"]}]}},"uagb_featured_image_src":{"full":false,"thumbnail":false,"medium":false,"medium_large":false,"large":false,"1536x1536":false,"2048x2048":false,"trp-custom-language-flag":false},"uagb_author_info":{"display_name":"webmaster","author_link":"https:\/\/www.cownected.com\/fr\/author\/webmaster-2-2\/"},"uagb_comment_info":0,"uagb_excerpt":"&lt; Privacy Policy \/&gt; Stroll Through Our Digital Meadow for Privacy Clarity. Roam Through Our Privacy Pasture Who We Are? Our website address is www.cownected.com Comments When visitors leave comments on the site, we collect the data shown in the comments form, along with the visitor\u2019s IP address and browser user agent string, to help\u2026","mfb_rest_fields":["title","yoast_head","yoast_head_json","uagb_featured_image_src","uagb_author_info","uagb_comment_info","uagb_excerpt"],"_links":{"self":[{"href":"https:\/\/www.cownected.com\/fr\/wp-json\/wp\/v2\/pages\/861","targetHints":{"allow":["GET"]}}],"collection":[{"href":"https:\/\/www.cownected.com\/fr\/wp-json\/wp\/v2\/pages"}],"about":[{"href":"https:\/\/www.cownected.com\/fr\/wp-json\/wp\/v2\/types\/page"}],"author":[{"embeddable":true,"href":"https:\/\/www.cownected.com\/fr\/wp-json\/wp\/v2\/users\/1"}],"replies":[{"embeddable":true,"href":"https:\/\/www.cownected.com\/fr\/wp-json\/wp\/v2\/comments?post=861"}],"version-history":[{"count":20,"href":"https:\/\/www.cownected.com\/fr\/wp-json\/wp\/v2\/pages\/861\/revisions"}],"predecessor-version":[{"id":1381,"href":"https:\/\/www.cownected.com\/fr\/wp-json\/wp\/v2\/pages\/861\/revisions\/1381"}],"wp:attachment":[{"href":"https:\/\/www.cownected.com\/fr\/wp-json\/wp\/v2\/media?parent=861"}],"curies":[{"name":"wp","href":"https:\/\/api.w.org\/{rel}","templated":true}]}}