{"id":1479,"date":"2024-10-07T13:51:35","date_gmt":"2024-10-07T13:51:35","guid":{"rendered":"https:\/\/www.cownected.com\/?page_id=1479"},"modified":"2024-10-09T12:39:56","modified_gmt":"2024-10-09T12:39:56","slug":"plugins","status":"publish","type":"page","link":"https:\/\/www.cownected.com\/fr\/plugins\/","title":{"rendered":"Plugins"},"content":{"rendered":"<div class=\"wp-block-group pages-hero-wrapper position-relative has-global-padding is-layout-constrained wp-block-group-is-layout-constrained\">\n<div class=\"wp-block-columns are-vertically-aligned-bottom pages-hero is-layout-flex wp-container-core-columns-is-layout-645632e8 wp-block-columns-is-layout-flex\" style=\"border-bottom-color:var(--wp--preset--color--main);border-bottom-style:solid;border-bottom-width:3px;margin-top:0;margin-bottom:var(--wp--preset--spacing--large);padding-top:var(--wp--preset--spacing--medium);padding-bottom:var(--wp--preset--spacing--medium)\">\n<div class=\"wp-block-column is-vertically-aligned-bottom is-layout-flow wp-block-column-is-layout-flow\">\n<h2 class=\"wp-block-heading has-small-font-size\" style=\"margin-top:0;margin-right:0;margin-bottom:var(--wp--preset--spacing--medium);margin-left:0;padding-top:0;padding-right:0;padding-bottom:0;padding-left:0;font-style:normal;font-weight:900\"><mark style=\"background-color:rgba(0, 0, 0, 0)\" class=\"has-inline-color has-primary-color\">&lt;<\/mark> Plugins <mark style=\"background-color:rgba(0, 0, 0, 0)\" class=\"has-inline-color has-primary-color\">\/&gt;<\/mark><\/h2>\n\n\n\n<p class=\"max-width-70-perc has-medium-font-size\" style=\"padding-bottom:0.25em;font-style:normal;font-weight:900;line-height:1.2\"><br><strong>Explore Our Collection of Homegrown Plugins, Designed to Power Your WordPress Experience<\/strong><\/p>\n<\/div>\n\n\n\n<div class=\"wp-block-column is-vertically-aligned-bottom is-layout-flow wp-block-column-is-layout-flow\">\n<h1 class=\"wp-block-heading has-text-align-right has-xxx-large-font-size\" style=\"font-style:normal;font-weight:900;line-height:1\">Milking <br>the Best of<br>WordPress<\/h1>\n<\/div>\n<\/div>\n\n\n\n<div class=\"wp-block-group cow-spot-wrapper has-global-padding is-layout-constrained wp-block-group-is-layout-constrained\">\n<figure class=\"wp-block-image size-large cow-spot spot01\"><img decoding=\"async\" src=\"https:\/\/www.cownected.com\/wp-content\/uploads\/2024\/04\/cow-spot-1.svg\" alt=\"\" class=\"wp-image-604\"\/><\/figure>\n\n\n\n<figure class=\"wp-block-image size-large cow-spot spot02\"><img decoding=\"async\" src=\"https:\/\/www.cownected.com\/wp-content\/uploads\/2024\/04\/cow-spot-2.svg\" alt=\"\" class=\"wp-image-605\"\/><\/figure>\n\n\n\n<figure class=\"wp-block-image size-large cow-spot spot03\"><img decoding=\"async\" src=\"https:\/\/www.cownected.com\/wp-content\/uploads\/2024\/04\/cow-spot-3.svg\" alt=\"\" class=\"wp-image-606\"\/><\/figure>\n\n\n\n<figure class=\"wp-block-image size-large cow-spot spot04\"><img decoding=\"async\" src=\"https:\/\/www.cownected.com\/wp-content\/uploads\/2024\/04\/cow-spot-4.svg\" alt=\"\" class=\"wp-image-607\"\/><\/figure>\n<\/div>\n<\/div>\n\n\n\n<div class=\"wp-block-group plugins-page-content position-relative has-global-padding is-layout-constrained wp-block-group-is-layout-constrained\">\n<div class=\"wp-block-group has-global-padding is-layout-constrained wp-block-group-is-layout-constrained\">\n<div class=\"wp-block-columns is-layout-flex wp-container-core-columns-is-layout-28f84493 wp-block-columns-is-layout-flex\">\n<div class=\"wp-block-column is-layout-flow wp-block-column-is-layout-flow\" style=\"flex-basis:45%\">\n<p class=\"has-x-large-font-size\" style=\"font-style:normal;font-weight:800\">Cownected Plugins: Elevate Your WordPress Experience!<\/p>\n<\/div>\n\n\n\n<div class=\"wp-block-column is-layout-flow wp-block-column-is-layout-flow\" style=\"flex-basis:55%\">\n<p>At cownected, we believe in enhancing your WordPress experience with innovative plugins designed for efficiency and ease of use. Our plugins are developed with the needs of modern users in mind, ensuring seamless integration and functionality for all types of websites.<\/p>\n<\/div>\n<\/div>\n<\/div>\n\n\n\n<div class=\"wp-block-group plugins has-global-padding is-layout-constrained wp-block-group-is-layout-constrained\" style=\"margin-top:var(--wp--preset--spacing--xx-large);margin-bottom:var(--wp--preset--spacing--xx-large)\">\n<div class=\"wp-block-query is-layout-flow wp-block-query-is-layout-flow\"><ul class=\"wp-block-post-template is-layout-flow wp-block-post-template-is-layout-flow\"><li class=\"wp-block-post post-1655 plugin type-plugin status-publish has-post-thumbnail hentry\">\n\n<div class=\"wp-block-columns plugin-wrapper has-background is-layout-flex wp-container-core-columns-is-layout-2a8ac8fc wp-block-columns-is-layout-flex\" style=\"border-radius:10px;background-color:#fff9ed24;padding-top:0;padding-right:0;padding-bottom:0;padding-left:0\">\n<div class=\"wp-block-column is-layout-flow wp-block-column-is-layout-flow\" style=\"padding-top:0;padding-right:0;padding-bottom:0;padding-left:0;flex-basis:25%\">\n<div class=\"wp-block-cover is-light\" style=\"min-height:320px;aspect-ratio:unset;\"><span aria-hidden=\"true\" class=\"wp-block-cover__background has-background-dim-0 has-background-dim\" style=\"background-color:#c2bdb5\"><\/span><img loading=\"lazy\" decoding=\"async\" width=\"100\" height=\"100\" src=\"https:\/\/www.cownected.com\/wp-content\/uploads\/2026\/01\/figmoo-logo-square.svg\" class=\"wp-block-cover__image-background wp-post-image\" alt=\"FigMoove - Logo\" data-object-fit=\"cover\" \/><div class=\"wp-block-cover__inner-container is-layout-flow wp-block-cover-is-layout-flow\">\n<p class=\"has-text-align-center has-large-font-size\"><\/p>\n<\/div><\/div>\n<\/div>\n\n\n\n<div class=\"wp-block-column is-vertically-aligned-stretch is-layout-flow wp-container-core-column-is-layout-9627e37a wp-block-column-is-layout-flow\" style=\"padding-top:var(--wp--preset--spacing--small);padding-right:var(--wp--preset--spacing--medium);padding-bottom:var(--wp--preset--spacing--small);padding-left:var(--wp--preset--spacing--small);flex-basis:75%\">\n<div class=\"wp-block-group has-global-padding is-layout-constrained wp-container-core-group-is-layout-19c400f2 wp-block-group-is-layout-constrained\" style=\"margin-top:0;margin-bottom:0\"><h2 style=\"font-style:normal;font-weight:700;line-height:1; padding-top:0;padding-bottom:0;margin-top:0;margin-bottom:0;\" class=\"has-link-color wp-elements-a7409c044e95e03a5dd89c0e74e98e3f wp-block-post-title has-text-color has-main-color has-large-font-size\">Figmoove<\/h2>\n\n<div style=\"padding-top:0;padding-bottom:0;margin-top:0;margin-bottom:0;\" class=\"is-meta-field plugin-link wp-elements-77aebe456e49ce8cbf182ecc6a602388 wp-block-mfb-meta-field-block has-text-color has-main-accent-color\"><div class=\"value\">https:\/\/wordpress.org\/plugins\/figmoove\/<\/div><\/div><\/div>\n\n\n<div style=\"font-size:clamp(0.875rem, 0.875rem + ((1vw - 0.2rem) * 0.281), 1.1rem);\" class=\"is-meta-field wp-elements-7ea027d63cdf2538e14d0ca5d5f27b03 wp-block-mfb-meta-field-block has-text-color has-main-color\"><div class=\"value\">Figma vers WordPress\u00a0: Synchronisation en direct. Connectez vos maquettes Figma directement \u00e0 votre site web. Synchronisez automatiquement le texte, les couleurs et l\u2019\u00e9tat des composants de vos calques Figma gr\u00e2ce \u00e0 l\u2019API officielle. Fini les copier-coller manuels\u00a0: votre maquette et votre site en ligne restent parfaitement synchronis\u00e9s.<\/div><\/div>\n\n<a style=\"margin-top:var(--wp--preset--spacing--large);\" class=\"plugin-btn wp-elements-c8145f968312f90fd8081a9bbf8e7749 wp-block-read-more has-text-color has-main-color\" href=\"https:\/\/www.cownected.com\/fr\/plugin\/figmoove\/\" target=\"_self\">More info &gt;<span class=\"screen-reader-text\">\u00a0: Figmoove<\/span><\/a><\/div>\n<\/div>\n\n<\/li><li class=\"wp-block-post post-1481 plugin type-plugin status-publish has-post-thumbnail hentry\">\n\n<div class=\"wp-block-columns plugin-wrapper has-background is-layout-flex wp-container-core-columns-is-layout-2a8ac8fc wp-block-columns-is-layout-flex\" style=\"border-radius:10px;background-color:#fff9ed24;padding-top:0;padding-right:0;padding-bottom:0;padding-left:0\">\n<div class=\"wp-block-column is-layout-flow wp-block-column-is-layout-flow\" style=\"padding-top:0;padding-right:0;padding-bottom:0;padding-left:0;flex-basis:25%\">\n<div class=\"wp-block-cover is-light\" style=\"min-height:320px;aspect-ratio:unset;\"><span aria-hidden=\"true\" class=\"wp-block-cover__background has-background-dim-0 has-background-dim\" style=\"background-color:#c2bdb5\"><\/span><img loading=\"lazy\" decoding=\"async\" width=\"1\" height=\"1\" src=\"https:\/\/www.cownected.com\/wp-content\/uploads\/2024\/10\/teams-publisher-logo.svg\" class=\"wp-block-cover__image-background wp-post-image\" alt=\"Teams Publisher\" data-object-fit=\"cover\" \/><div class=\"wp-block-cover__inner-container is-layout-flow wp-block-cover-is-layout-flow\">\n<p class=\"has-text-align-center has-large-font-size\"><\/p>\n<\/div><\/div>\n<\/div>\n\n\n\n<div class=\"wp-block-column is-vertically-aligned-stretch is-layout-flow wp-container-core-column-is-layout-9627e37a wp-block-column-is-layout-flow\" style=\"padding-top:var(--wp--preset--spacing--small);padding-right:var(--wp--preset--spacing--medium);padding-bottom:var(--wp--preset--spacing--small);padding-left:var(--wp--preset--spacing--small);flex-basis:75%\">\n<div class=\"wp-block-group has-global-padding is-layout-constrained wp-container-core-group-is-layout-19c400f2 wp-block-group-is-layout-constrained\" style=\"margin-top:0;margin-bottom:0\"><h2 style=\"font-style:normal;font-weight:700;line-height:1; padding-top:0;padding-bottom:0;margin-top:0;margin-bottom:0;\" class=\"has-link-color wp-elements-a7409c044e95e03a5dd89c0e74e98e3f wp-block-post-title has-text-color has-main-color has-large-font-size\">Teams Publisher<\/h2>\n\n<div style=\"padding-top:0;padding-bottom:0;margin-top:0;margin-bottom:0;\" class=\"is-meta-field plugin-link wp-elements-77aebe456e49ce8cbf182ecc6a602388 wp-block-mfb-meta-field-block has-text-color has-main-accent-color\"><div class=\"value\">https:\/\/wordpress.org\/plugins\/teams-publisher\/<\/div><\/div><\/div>\n\n\n<div style=\"font-size:clamp(0.875rem, 0.875rem + ((1vw - 0.2rem) * 0.281), 1.1rem);\" class=\"is-meta-field wp-elements-7ea027d63cdf2538e14d0ca5d5f27b03 wp-block-mfb-meta-field-block has-text-color has-main-color\"><div class=\"value\">Teams Publisher est une extension WordPress simple et efficace qui vous permet de partager instantan\u00e9ment vos articles de blog sur les canaux Microsoft Teams. Am\u00e9liorez la communication et la collaboration au sein de votre \u00e9quipe gr\u00e2ce \u00e0 des partages rapides et personnalis\u00e9s directement depuis WordPress.<\/div><\/div>\n\n<a style=\"margin-top:var(--wp--preset--spacing--large);\" class=\"plugin-btn wp-elements-c8145f968312f90fd8081a9bbf8e7749 wp-block-read-more has-text-color has-main-color\" href=\"https:\/\/www.cownected.com\/fr\/plugin\/teams-publisher\/\" target=\"_self\">More info &gt;<span class=\"screen-reader-text\">\u00a0: Teams Publisher<\/span><\/a><\/div>\n<\/div>\n\n<\/li><\/ul><\/div>\n<\/div>\n\n\n\n<div class=\"wp-block-group cow-spot-wrapper has-global-padding is-layout-constrained wp-block-group-is-layout-constrained\">\n<figure class=\"wp-block-image size-large cow-spot spot06\"><img decoding=\"async\" src=\"https:\/\/www.cownected.com\/wp-content\/uploads\/2024\/04\/cow-spot-6.svg\" alt=\"\" class=\"wp-image-609\"\/><\/figure>\n\n\n\n<figure class=\"wp-block-image size-large cow-spot spot02\"><img decoding=\"async\" src=\"https:\/\/www.cownected.com\/wp-content\/uploads\/2024\/04\/cow-spot-2.svg\" alt=\"\" class=\"wp-image-605\"\/><\/figure>\n\n\n\n<figure class=\"wp-block-image size-large cow-spot spot05\"><img decoding=\"async\" src=\"https:\/\/www.cownected.com\/wp-content\/uploads\/2024\/04\/cow-spot-5.svg\" alt=\"\" class=\"wp-image-608\"\/><\/figure>\n<\/div>\n<\/div>\n\n\n\n<div class=\"wp-block-group talk-to-us position-relative has-global-padding is-layout-constrained wp-block-group-is-layout-constrained\" style=\"margin-bottom:var(--wp--preset--spacing--xxx-large)\">\n<h2 class=\"wp-block-heading has-small-font-size\" style=\"margin-top:0;margin-right:0;margin-bottom:var(--wp--preset--spacing--x-large);margin-left:0;padding-top:0;padding-right:0;padding-bottom:0;padding-left:0;font-style:normal;font-weight:900\"><mark style=\"background-color:rgba(0, 0, 0, 0)\" class=\"has-inline-color has-primary-color\">&lt;<\/mark> Parlez avec nous <mark style=\"background-color:rgba(0, 0, 0, 0)\" class=\"has-inline-color has-primary-color\">\/&gt;<\/mark><\/h2>\n\n\n\n<h3 class=\"wp-block-heading has-x-large-font-size\" style=\"margin-top:0;margin-right:0;margin-bottom:0;margin-left:0;padding-top:0;padding-right:0;padding-bottom:0;padding-left:0;font-style:normal;font-weight:900;text-transform:capitalize\">Commen\u00e7ons une conversation<\/h3>\n\n\n\n<div class=\"wp-block-buttons is-layout-flex wp-block-buttons-is-layout-flex\">\n<div class=\"wp-block-button has-custom-font-size is-style-fill has-base-font-size\"><a class=\"wp-block-button__link wp-element-button\" href=\"https:\/\/www.cownected.com\/fr\/contact\/\">Parlez avec nous &gt;<\/a><\/div>\n\n\n\n<div class=\"wp-block-button has-custom-font-size is-style-outline has-base-font-size is-style-outline--1\"><a class=\"wp-block-button__link wp-element-button\" href=\"https:\/\/www.instagram.com\/cownected\/\">Suivez-nous &gt;<\/a><\/div>\n<\/div>\n\n\n\n<div class=\"wp-block-group has-global-padding is-layout-constrained wp-container-core-group-is-layout-774bf828 wp-block-group-is-layout-constrained\" style=\"margin-top:var(--wp--preset--spacing--x-large)\">\n<p class=\"break-word\" style=\"margin-top:0;margin-bottom:0;font-size:clamp(2.629rem, 2.629rem + ((1vw - 0.2rem) * 2.964), 5rem);font-style:normal;font-weight:900\"><a href=\"tel:+3224496830\" data-type=\"tel\" data-id=\"tel:+3224496830\">+32 2 449 68 30<\/a><\/p>\n<\/div>\n\n\n\n<div class=\"wp-block-group cow-spot-wrapper has-global-padding is-layout-constrained wp-block-group-is-layout-constrained\">\n<figure class=\"wp-block-image size-large cow-spot spot02\"><img decoding=\"async\" src=\"https:\/\/www.cownected.com\/wp-content\/uploads\/2024\/04\/cow-spot-2.svg\" alt=\"\" class=\"wp-image-605\"\/><\/figure>\n<\/div>\n<\/div>","protected":false},"excerpt":{"rendered":"<p>&lt; Plugins \/&gt; Explore Our Collection of Homegrown Plugins, Designed to Power Your WordPress Experience Milking the Best ofWordPress Cownected Plugins: Elevate Your WordPress Experience! At cownected, we believe in enhancing your WordPress experience with innovative plugins designed for efficiency and ease of use. Our plugins are developed with the needs of modern users in [&hellip;]<\/p>\n","protected":false},"author":1,"featured_media":0,"parent":0,"menu_order":0,"comment_status":"closed","ping_status":"closed","template":"","meta":{"inline_featured_image":false,"_uag_custom_page_level_css":"","wpupg_custom_link":[],"wpupg_custom_link_behaviour":[],"wpupg_custom_link_nofollow":[],"wpupg_custom_image":[],"wpupg_custom_image_id":[],"footnotes":""},"class_list":["post-1479","page","type-page","status-publish","hentry"],"mb":[],"yoast_head":"<!-- This site is optimized with the Yoast SEO plugin v27.4 - https:\/\/yoast.com\/product\/yoast-seo-wordpress\/ -->\n<title>Plugins - Cownected<\/title>\n<meta name=\"robots\" content=\"index, follow, max-snippet:-1, max-image-preview:large, max-video-preview:-1\" \/>\n<link rel=\"canonical\" href=\"https:\/\/www.cownected.com\/fr\/plugins\/\" \/>\n<meta property=\"og:locale\" content=\"fr_FR\" \/>\n<meta property=\"og:type\" content=\"article\" \/>\n<meta property=\"og:title\" content=\"Plugins - Cownected\" \/>\n<meta property=\"og:description\" content=\"&lt; Plugins \/&gt; Explore Our Collection of Homegrown Plugins, Designed to Power Your WordPress Experience Milking the Best ofWordPress Cownected Plugins: Elevate Your WordPress Experience! At cownected, we believe in enhancing your WordPress experience with innovative plugins designed for efficiency and ease of use. Our plugins are developed with the needs of modern users in [&hellip;]\" \/>\n<meta property=\"og:url\" content=\"https:\/\/www.cownected.com\/fr\/plugins\/\" \/>\n<meta property=\"og:site_name\" content=\"Cownected\" \/>\n<meta property=\"article:publisher\" content=\"https:\/\/www.facebook.com\/cownected\" \/>\n<meta property=\"article:modified_time\" content=\"2024-10-09T12:39:56+00:00\" \/>\n<meta property=\"og:image\" content=\"https:\/\/www.cownected.com\/wp-content\/uploads\/2024\/04\/cow-spot-1.svg\" \/>\n<meta name=\"twitter:card\" content=\"summary_large_image\" \/>\n<meta name=\"twitter:label1\" content=\"Dur\u00e9e de lecture estim\u00e9e\" \/>\n\t<meta name=\"twitter:data1\" content=\"2 minutes\" \/>\n<script type=\"application\/ld+json\" class=\"yoast-schema-graph\">{\"@context\":\"https:\\\/\\\/schema.org\",\"@graph\":[{\"@type\":\"WebPage\",\"@id\":\"https:\\\/\\\/www.cownected.com\\\/plugins\\\/\",\"url\":\"https:\\\/\\\/www.cownected.com\\\/plugins\\\/\",\"name\":\"Plugins - Cownected\",\"isPartOf\":{\"@id\":\"https:\\\/\\\/www.cownected.com\\\/fr\\\/#website\"},\"primaryImageOfPage\":{\"@id\":\"https:\\\/\\\/www.cownected.com\\\/plugins\\\/#primaryimage\"},\"image\":{\"@id\":\"https:\\\/\\\/www.cownected.com\\\/plugins\\\/#primaryimage\"},\"thumbnailUrl\":\"https:\\\/\\\/www.cownected.com\\\/wp-content\\\/uploads\\\/2024\\\/04\\\/cow-spot-1.svg\",\"datePublished\":\"2024-10-07T13:51:35+00:00\",\"dateModified\":\"2024-10-09T12:39:56+00:00\",\"breadcrumb\":{\"@id\":\"https:\\\/\\\/www.cownected.com\\\/plugins\\\/#breadcrumb\"},\"inLanguage\":\"fr-FR\",\"potentialAction\":[{\"@type\":\"ReadAction\",\"target\":[\"https:\\\/\\\/www.cownected.com\\\/plugins\\\/\"]}]},{\"@type\":\"ImageObject\",\"inLanguage\":\"fr-FR\",\"@id\":\"https:\\\/\\\/www.cownected.com\\\/plugins\\\/#primaryimage\",\"url\":\"https:\\\/\\\/www.cownected.com\\\/wp-content\\\/uploads\\\/2024\\\/04\\\/cow-spot-1.svg\",\"contentUrl\":\"https:\\\/\\\/www.cownected.com\\\/wp-content\\\/uploads\\\/2024\\\/04\\\/cow-spot-1.svg\"},{\"@type\":\"BreadcrumbList\",\"@id\":\"https:\\\/\\\/www.cownected.com\\\/plugins\\\/#breadcrumb\",\"itemListElement\":[{\"@type\":\"ListItem\",\"position\":1,\"name\":\"Home\",\"item\":\"https:\\\/\\\/www.cownected.com\\\/\"},{\"@type\":\"ListItem\",\"position\":2,\"name\":\"Plugins\"}]},{\"@type\":\"WebSite\",\"@id\":\"https:\\\/\\\/www.cownected.com\\\/fr\\\/#website\",\"url\":\"https:\\\/\\\/www.cownected.com\\\/fr\\\/\",\"name\":\"Cownected\",\"description\":\"Moo-ve Business Forward.\",\"publisher\":{\"@id\":\"https:\\\/\\\/www.cownected.com\\\/fr\\\/#organization\"},\"potentialAction\":[{\"@type\":\"SearchAction\",\"target\":{\"@type\":\"EntryPoint\",\"urlTemplate\":\"https:\\\/\\\/www.cownected.com\\\/fr\\\/?s={search_term_string}\"},\"query-input\":{\"@type\":\"PropertyValueSpecification\",\"valueRequired\":true,\"valueName\":\"search_term_string\"}}],\"inLanguage\":\"fr-FR\"},{\"@type\":\"Organization\",\"@id\":\"https:\\\/\\\/www.cownected.com\\\/fr\\\/#organization\",\"name\":\"Cownected SRL\",\"url\":\"https:\\\/\\\/www.cownected.com\\\/fr\\\/\",\"logo\":{\"@type\":\"ImageObject\",\"inLanguage\":\"fr-FR\",\"@id\":\"https:\\\/\\\/www.cownected.com\\\/fr\\\/#\\\/schema\\\/logo\\\/image\\\/\",\"url\":\"https:\\\/\\\/www.cownected.com\\\/wp-content\\\/uploads\\\/2024\\\/03\\\/logo-cownected.svg\",\"contentUrl\":\"https:\\\/\\\/www.cownected.com\\\/wp-content\\\/uploads\\\/2024\\\/03\\\/logo-cownected.svg\",\"caption\":\"Cownected SRL\"},\"image\":{\"@id\":\"https:\\\/\\\/www.cownected.com\\\/fr\\\/#\\\/schema\\\/logo\\\/image\\\/\"},\"sameAs\":[\"https:\\\/\\\/www.facebook.com\\\/cownected\",\"https:\\\/\\\/be.linkedin.com\\\/company\\\/cownected\"]}]}<\/script>\n<!-- \/ Yoast SEO plugin. -->","yoast_head_json":{"title":"Plugins - Cownected","robots":{"index":"index","follow":"follow","max-snippet":"max-snippet:-1","max-image-preview":"max-image-preview:large","max-video-preview":"max-video-preview:-1"},"canonical":"https:\/\/www.cownected.com\/fr\/plugins\/","og_locale":"fr_FR","og_type":"article","og_title":"Plugins - Cownected","og_description":"&lt; Plugins \/&gt; Explore Our Collection of Homegrown Plugins, Designed to Power Your WordPress Experience Milking the Best ofWordPress Cownected Plugins: Elevate Your WordPress Experience! At cownected, we believe in enhancing your WordPress experience with innovative plugins designed for efficiency and ease of use. Our plugins are developed with the needs of modern users in [&hellip;]","og_url":"https:\/\/www.cownected.com\/fr\/plugins\/","og_site_name":"Cownected","article_publisher":"https:\/\/www.facebook.com\/cownected","article_modified_time":"2024-10-09T12:39:56+00:00","og_image":[{"url":"https:\/\/www.cownected.com\/wp-content\/uploads\/2024\/04\/cow-spot-1.svg","type":"","width":"","height":""}],"twitter_card":"summary_large_image","twitter_misc":{"Dur\u00e9e de lecture estim\u00e9e":"2 minutes"},"schema":{"@context":"https:\/\/schema.org","@graph":[{"@type":"WebPage","@id":"https:\/\/www.cownected.com\/plugins\/","url":"https:\/\/www.cownected.com\/plugins\/","name":"Plugins - Cownected","isPartOf":{"@id":"https:\/\/www.cownected.com\/fr\/#website"},"primaryImageOfPage":{"@id":"https:\/\/www.cownected.com\/plugins\/#primaryimage"},"image":{"@id":"https:\/\/www.cownected.com\/plugins\/#primaryimage"},"thumbnailUrl":"https:\/\/www.cownected.com\/wp-content\/uploads\/2024\/04\/cow-spot-1.svg","datePublished":"2024-10-07T13:51:35+00:00","dateModified":"2024-10-09T12:39:56+00:00","breadcrumb":{"@id":"https:\/\/www.cownected.com\/plugins\/#breadcrumb"},"inLanguage":"fr-FR","potentialAction":[{"@type":"ReadAction","target":["https:\/\/www.cownected.com\/plugins\/"]}]},{"@type":"ImageObject","inLanguage":"fr-FR","@id":"https:\/\/www.cownected.com\/plugins\/#primaryimage","url":"https:\/\/www.cownected.com\/wp-content\/uploads\/2024\/04\/cow-spot-1.svg","contentUrl":"https:\/\/www.cownected.com\/wp-content\/uploads\/2024\/04\/cow-spot-1.svg"},{"@type":"BreadcrumbList","@id":"https:\/\/www.cownected.com\/plugins\/#breadcrumb","itemListElement":[{"@type":"ListItem","position":1,"name":"Home","item":"https:\/\/www.cownected.com\/"},{"@type":"ListItem","position":2,"name":"Plugins"}]},{"@type":"WebSite","@id":"https:\/\/www.cownected.com\/fr\/#website","url":"https:\/\/www.cownected.com\/fr\/","name":"Cownected","description":"Moo-ve Business Forward.","publisher":{"@id":"https:\/\/www.cownected.com\/fr\/#organization"},"potentialAction":[{"@type":"SearchAction","target":{"@type":"EntryPoint","urlTemplate":"https:\/\/www.cownected.com\/fr\/?s={search_term_string}"},"query-input":{"@type":"PropertyValueSpecification","valueRequired":true,"valueName":"search_term_string"}}],"inLanguage":"fr-FR"},{"@type":"Organization","@id":"https:\/\/www.cownected.com\/fr\/#organization","name":"Cownected SRL","url":"https:\/\/www.cownected.com\/fr\/","logo":{"@type":"ImageObject","inLanguage":"fr-FR","@id":"https:\/\/www.cownected.com\/fr\/#\/schema\/logo\/image\/","url":"https:\/\/www.cownected.com\/wp-content\/uploads\/2024\/03\/logo-cownected.svg","contentUrl":"https:\/\/www.cownected.com\/wp-content\/uploads\/2024\/03\/logo-cownected.svg","caption":"Cownected SRL"},"image":{"@id":"https:\/\/www.cownected.com\/fr\/#\/schema\/logo\/image\/"},"sameAs":["https:\/\/www.facebook.com\/cownected","https:\/\/be.linkedin.com\/company\/cownected"]}]}},"uagb_featured_image_src":{"full":false,"thumbnail":false,"medium":false,"medium_large":false,"large":false,"1536x1536":false,"2048x2048":false,"trp-custom-language-flag":false},"uagb_author_info":{"display_name":"webmaster","author_link":"https:\/\/www.cownected.com\/fr\/author\/webmaster-2-2\/"},"uagb_comment_info":0,"uagb_excerpt":"&lt; Plugins \/&gt; Explore Our Collection of Homegrown Plugins, Designed to Power Your WordPress Experience Milking the Best ofWordPress Cownected Plugins: Elevate Your WordPress Experience! At cownected, we believe in enhancing your WordPress experience with innovative plugins designed for efficiency and ease of use. Our plugins are developed with the needs of modern users in\u2026","mfb_rest_fields":["title","yoast_head","yoast_head_json","uagb_featured_image_src","uagb_author_info","uagb_comment_info","uagb_excerpt"],"_links":{"self":[{"href":"https:\/\/www.cownected.com\/fr\/wp-json\/wp\/v2\/pages\/1479","targetHints":{"allow":["GET"]}}],"collection":[{"href":"https:\/\/www.cownected.com\/fr\/wp-json\/wp\/v2\/pages"}],"about":[{"href":"https:\/\/www.cownected.com\/fr\/wp-json\/wp\/v2\/types\/page"}],"author":[{"embeddable":true,"href":"https:\/\/www.cownected.com\/fr\/wp-json\/wp\/v2\/users\/1"}],"replies":[{"embeddable":true,"href":"https:\/\/www.cownected.com\/fr\/wp-json\/wp\/v2\/comments?post=1479"}],"version-history":[{"count":19,"href":"https:\/\/www.cownected.com\/fr\/wp-json\/wp\/v2\/pages\/1479\/revisions"}],"predecessor-version":[{"id":1567,"href":"https:\/\/www.cownected.com\/fr\/wp-json\/wp\/v2\/pages\/1479\/revisions\/1567"}],"wp:attachment":[{"href":"https:\/\/www.cownected.com\/fr\/wp-json\/wp\/v2\/media?parent=1479"}],"curies":[{"name":"wp","href":"https:\/\/api.w.org\/{rel}","templated":true}]}}